{"id":8,"date":"2019-10-23T12:34:21","date_gmt":"2019-10-23T12:34:21","guid":{"rendered":"https:\/\/machwasgrosses.sbb.ch\/login\/?page_id=8"},"modified":"2026-04-14T12:46:23","modified_gmt":"2026-04-14T12:46:23","slug":"dla-piper-alumni-network","status":"publish","type":"page","link":"https:\/\/beatalent.dlapipercareers.de\/login\/","title":{"rendered":"Login"},"content":{"rendered":"<p>[et_pb_section fb_built=&#8221;1&#8243; fullwidth=&#8221;on&#8221; admin_label=&#8221;Section &#8211; hero&#8221; module_id=&#8221;iw-hero-id&#8221; module_class=&#8221;iw-hero&#8221; _builder_version=&#8221;4.27.6&#8243; _module_preset=&#8221;default&#8221; background_enable_image=&#8221;off&#8221; background_position=&#8221;top_center&#8221; hover_enabled=&#8221;0&#8243; background_last_edited=&#8221;on|desktop&#8221; background_enable_image_phone=&#8221;off&#8221; collapsed=&#8221;off&#8221; global_colors_info=&#8221;{}&#8221; sticky_enabled=&#8221;0&#8243;][et_pb_fullwidth_code _builder_version=&#8221;4.27.6&#8243; _module_preset=&#8221;default&#8221; hover_enabled=&#8221;0&#8243; global_colors_info=&#8221;{}&#8221; sticky_enabled=&#8221;0&#8243;]<\/p>\n<div class=\"iw-hero-image display-mobile\"><!-- [et_pb_line_break_holder] -->  <img decoding=\"async\" src=\"\/wp-content\/uploads\/2026\/01\/Hero-1280.webp\" alt=\"\"><!-- [et_pb_line_break_holder] --><\/div>\n<p><!-- [et_pb_line_break_holder] --><\/p>\n<div class=\"iw-hero-text\"><!-- [et_pb_line_break_holder] -->  <\/p>\n<h1><!-- [et_pb_line_break_holder] -->  DLA Piper Talentnetzwerk<!-- [et_pb_line_break_holder] --><\/h1>\n<p><!-- [et_pb_line_break_holder] --><\/p>\n<h2><!-- [et_pb_line_break_holder] -->  Be a talent<!-- [et_pb_line_break_holder] --><\/h2>\n<p><!-- [et_pb_line_break_holder] --><!-- [et_pb_line_break_holder] --><a href=\"\/registration\" class=\"iw-text-link iw-text-link-blue\">Registriere dich jetzt<\/a><!-- [et_pb_line_break_holder] --><\/div>\n<p><!-- [et_pb_line_break_holder] --><!-- [et_pb_line_break_holder] -->[\/et_pb_fullwidth_code][\/et_pb_section][et_pb_section fb_built=&#8221;1&#8243; fullwidth=&#8221;on&#8221; admin_label=&#8221;Section &#8211; welcome&#8221; module_class=&#8221;iw-welcome&#8221; _builder_version=&#8221;4.21.0&#8243; _module_preset=&#8221;default&#8221; collapsed=&#8221;off&#8221; global_colors_info=&#8221;{}&#8221;][et_pb_fullwidth_code _builder_version=&#8221;4.27.6&#8243; _module_preset=&#8221;default&#8221; hover_enabled=&#8221;0&#8243; global_colors_info=&#8221;{}&#8221; sticky_enabled=&#8221;0&#8243;]<\/p>\n<div class=\"iw-flex\"><!-- [et_pb_line_break_holder] -->  <!-- [et_pb_line_break_holder] --><!-- [et_pb_line_break_holder] --><\/p>\n<div class=\"iw-text-box column\"><!-- [et_pb_line_break_holder] -->  <\/p>\n<h2>Be one of us. <span class=\"heading-highlight\"> Be more of you.<\/span><\/h2>\n<p><!-- [et_pb_line_break_holder] -->  <!-- [et_pb_line_break_holder] --><pee><span class=\"text-highlight\"><\/span>  Bei DLA Piper verstehen wir Erfolg als das Ergebnis echter Zusammenarbeit von charismatischen Menschen mit den h\u00f6chsten Anspr\u00fcchen an ihr Arbeitsumfeld und an sich selbst. Sei ein bedeutender Teil unseres starken globalen Netzwerks, das von gegenseitiger Wertsch\u00e4tzung und dem Mut lebt, gemeinsam neue Horizonte zu \u00fcberschreiten.<\/pee><!-- [et_pb_line_break_holder] -->  <!-- [et_pb_line_break_holder] --><a href=\"\/registration\" class=\"iw-text-link iw-text-link-white\">Registriere dich jetzt<\/a>  <!-- [et_pb_line_break_holder] --><\/div>\n<p><!-- [et_pb_line_break_holder] --><!-- [et_pb_line_break_holder] --><\/p>\n<div class=\"iw-image column\"><!-- [et_pb_line_break_holder] -->  <video width=\"auto\" height=\"auto\" title=\"DLA Piper Talentnetzwerk\" controls poster=\"https:\/\/beatalent.dlapipercareers.de\/login\/wp-content\/uploads\/2026\/01\/video-placeholder.webp\"><!-- [et_pb_line_break_holder] --><source src=\"https:\/\/beatalent.dlapipercareers.de\/login\/wp-content\/uploads\/2026\/01\/16x9_Cutdown_Mainclip_DLA_Piper_v3_1080p.webm\" type=\"video\/webm\" \/><!-- [et_pb_line_break_holder] --><source src=\"https:\/\/beatalent.dlapipercareers.de\/login\/wp-content\/uploads\/2026\/01\/16x9_Cutdown_Mainclip_DLA_Piper_v3_1080p.mp4\" type=\"video\/mp4\"><!-- [et_pb_line_break_holder] -->  Your browser does not support the video tag.<!-- [et_pb_line_break_holder] --><\/video><!-- [et_pb_line_break_holder] --><\/div>\n<p><!-- [et_pb_line_break_holder] --><\/div>\n<p><!-- [et_pb_line_break_holder] --><!-- [et_pb_line_break_holder] --><!-- [et_pb_line_break_holder] --><!-- [et_pb_line_break_holder] --><!-- [et_pb_line_break_holder] -->[\/et_pb_fullwidth_code][\/et_pb_section][et_pb_section fb_built=&#8221;1&#8243; admin_label=&#8221;Section &#8211; Benefits&#8221; module_class=&#8221;iw-benefits&#8221; _builder_version=&#8221;4.22.2&#8243; _module_preset=&#8221;default&#8221; global_colors_info=&#8221;{}&#8221;][et_pb_row _builder_version=&#8221;4.21.0&#8243; _module_preset=&#8221;default&#8221; global_colors_info=&#8221;{}&#8221;][et_pb_column type=&#8221;4_4&#8243; _builder_version=&#8221;4.21.0&#8243; _module_preset=&#8221;default&#8221; global_colors_info=&#8221;{}&#8221;][et_pb_code _builder_version=&#8221;4.27.6&#8243; _module_preset=&#8221;default&#8221; hover_enabled=&#8221;0&#8243; global_colors_info=&#8221;{}&#8221; sticky_enabled=&#8221;0&#8243;]<\/p>\n<h2><!-- [et_pb_line_break_holder] -->  Die Benefits<!-- [et_pb_line_break_holder] --><\/h2>\n<p>[\/et_pb_code][\/et_pb_column][\/et_pb_row][et_pb_row module_class=&#8221;iw-grid&#8221; _builder_version=&#8221;4.21.0&#8243; _module_preset=&#8221;default&#8221; global_colors_info=&#8221;{}&#8221;][et_pb_column type=&#8221;4_4&#8243; _builder_version=&#8221;4.21.0&#8243; _module_preset=&#8221;default&#8221; global_colors_info=&#8221;{}&#8221;][et_pb_blurb title=&#8221;Events&#8221; image=&#8221;https:\/\/wp-eu.peoplepath.com\/dlapiper-de\/wp-content\/uploads\/2026\/01\/Foto-Event.webp&#8221; admin_label=&#8221;Blurb &#8211; Events&#8221; _builder_version=&#8221;4.27.6&#8243; _module_preset=&#8221;default&#8221; header_level=&#8221;h3&#8243; animation=&#8221;off&#8221; hover_enabled=&#8221;0&#8243; global_colors_info=&#8221;{}&#8221; sticky_enabled=&#8221;0&#8243;]<\/p>\n<h4>Nimm an Veranstaltungen und Networking-M\u00f6glichkeiten teil.<\/h4>\n<p>Triff andere DLA Piper Talente und Freunde.<\/p>\n<p>[\/et_pb_blurb][et_pb_blurb title=&#8221;Resources&#8221; image=&#8221;https:\/\/wp-eu.peoplepath.com\/dlapiper-de\/wp-content\/uploads\/2026\/01\/Foto-Explore.webp&#8221; admin_label=&#8221;Blurb &#8211; Resources&#8221; _builder_version=&#8221;4.27.6&#8243; _module_preset=&#8221;default&#8221; header_level=&#8221;h3&#8243; animation=&#8221;off&#8221; hover_enabled=&#8221;0&#8243; global_colors_info=&#8221;{}&#8221; sticky_enabled=&#8221;0&#8243;]<\/p>\n<h4>Entdecke unsere Ressourcen.<\/h4>\n<p>Erfahre mehr \u00fcber Talent Aktivit\u00e4ten und Vorteile.<\/p>\n<p>[\/et_pb_blurb][et_pb_blurb title=&#8221;Opportunities&#8221; image=&#8221;https:\/\/wp-eu.peoplepath.com\/dlapiper-de\/wp-content\/uploads\/2026\/01\/Foto-Opportunities.webp&#8221; admin_label=&#8221;Blurb &#8211; Jobs&#8221; _builder_version=&#8221;4.27.6&#8243; _module_preset=&#8221;default&#8221; header_level=&#8221;h3&#8243; animation=&#8221;off&#8221; hover_enabled=&#8221;0&#8243; global_colors_info=&#8221;{}&#8221; sticky_enabled=&#8221;0&#8243;]<\/p>\n<h4>Finde berufliche M\u00f6glichkeiten.<\/h4>\n<p>Sieh dir die Chancen an, die unseren Talenten zur Verf\u00fcgung stehen.<\/p>\n<p>[\/et_pb_blurb][et_pb_blurb title=&#8221;Community&#8221; image=&#8221;https:\/\/wp-eu.peoplepath.com\/dlapiper-de\/wp-content\/uploads\/2026\/01\/Foto-Connect.webp&#8221; admin_label=&#8221;Blurb &#8211; Directory&#8221; _builder_version=&#8221;4.27.6&#8243; _module_preset=&#8221;default&#8221; header_level=&#8221;h3&#8243; animation=&#8221;off&#8221; hover_enabled=&#8221;0&#8243; global_colors_info=&#8221;{}&#8221; sticky_enabled=&#8221;0&#8243;]<\/p>\n<h4>Verbinde dich mit DLA Piper.<\/h4>\n<p>Werde Teil unserer Community.<\/p>\n<p>[\/et_pb_blurb][\/et_pb_column][\/et_pb_row][et_pb_row admin_label=&#8221;Row &#8211; CTA&#8221; module_class=&#8221;iw-benefits-cta&#8221; _builder_version=&#8221;4.27.5&#8243; _module_preset=&#8221;default&#8221; global_colors_info=&#8221;{}&#8221;][et_pb_column type=&#8221;4_4&#8243; _builder_version=&#8221;4.21.0&#8243; _module_preset=&#8221;default&#8221; global_colors_info=&#8221;{}&#8221;][et_pb_code _builder_version=&#8221;4.27.6&#8243; _module_preset=&#8221;default&#8221; hover_enabled=&#8221;0&#8243; global_colors_info=&#8221;{}&#8221; sticky_enabled=&#8221;0&#8243;]<\/p>\n<div><!-- [et_pb_line_break_holder] -->  <a href=\"\/?url=login\" class=\"iw-button iw-button-primary\">Logge dich ein um mehr zu erfahren<\/a><!-- [et_pb_line_break_holder] --><\/div>\n<p><!-- [et_pb_line_break_holder] -->[\/et_pb_code][\/et_pb_column][\/et_pb_row][\/et_pb_section][et_pb_section fb_built=&#8221;1&#8243; disabled_on=&#8221;on|on|on&#8221; admin_label=&#8221;Section &#8211; Testimonials&#8221; module_class=&#8221;iw-testimonials&#8221; _builder_version=&#8221;4.21.0&#8243; _module_preset=&#8221;default&#8221; background_enable_image=&#8221;off&#8221; background_last_edited=&#8221;on|phone&#8221; disabled=&#8221;on&#8221; global_colors_info=&#8221;{}&#8221;][et_pb_row module_class=&#8221;iw-testimonials-row&#8221; _builder_version=&#8221;4.21.0&#8243; _module_preset=&#8221;default&#8221; background_enable_image=&#8221;off&#8221; background_position=&#8221;top_center&#8221; global_colors_info=&#8221;{}&#8221;][et_pb_column type=&#8221;4_4&#8243; _builder_version=&#8221;4.21.0&#8243; _module_preset=&#8221;default&#8221; global_colors_info=&#8221;{}&#8221;][et_pb_code admin_label=&#8221;Code &#8211; Heading&#8221; module_class=&#8221;iw-heading&#8221; _builder_version=&#8221;4.27.6&#8243; _module_preset=&#8221;default&#8221; module_alignment=&#8221;center&#8221; hover_enabled=&#8221;0&#8243; global_colors_info=&#8221;{}&#8221; sticky_enabled=&#8221;0&#8243;]<\/p>\n<h2><!-- [et_pb_line_break_holder] -->  What our talents are saying <!-- [et_pb_line_break_holder] --><\/h2>\n<p>[\/et_pb_code][et_pb_slider arrows_custom_color=&#8221;RGBA(255,255,255,0)&#8221; dot_nav_custom_color=&#8221;#FFFFFF&#8221; _builder_version=&#8221;4.27.6&#8243; _module_preset=&#8221;default&#8221; header_text_color=&#8221;#000000&#8243; body_text_color=&#8221;#000000&#8243; background_color=&#8221;#ddde4c&#8221; text_orientation=&#8221;left&#8221; module_alignment=&#8221;center&#8221; auto=&#8221;on&#8221; hover_enabled=&#8221;0&#8243; global_colors_info=&#8221;{}&#8221; sticky_enabled=&#8221;0&#8243;][et_pb_slide admin_title=&#8221;Jessica&#8221; _builder_version=&#8221;4.22.2&#8243; _module_preset=&#8221;default&#8221; background_color=&#8221;#ddde4c&#8221; background_enable_color=&#8221;on&#8221; global_colors_info=&#8221;{}&#8221; sticky_transition=&#8221;on&#8221;]<\/p>\n<p class=\"quote\">Frank and engaging event. The panel was thoughtful and knowledgeable and I can apply the insight to everyday situations.<\/p>\n<p class=\"attribution\"><cite> \u2014  Jessica Needham, Legal Counsel, Millennium Hotels<br \/>describing an alumni event she attended<\/cite><\/p>\n<p>[\/et_pb_slide][et_pb_slide admin_title=&#8221;Danielle&#8221; _builder_version=&#8221;4.27.0&#8243; _module_preset=&#8221;default&#8221; background_color=&#8221;#ddde4c&#8221; background_enable_color=&#8221;on&#8221; global_colors_info=&#8221;{}&#8221; sticky_transition=&#8221;on&#8221;]<\/p>\n<p class=\"quote\">Fascinating, thought provoking and inspiring discussion from the panel \u2013 and such a fantastic venue. Thank you.<\/p>\n<p class=\"attribution\"><cite> \u2014 Danielle O&#8217;Malley, Legal Counsel, Close Brothers speaking about an alumni event she attended<\/cite><\/p>\n<p>[\/et_pb_slide][et_pb_slide admin_title=&#8221;Robert&#8221; _builder_version=&#8221;4.22.2&#8243; _module_preset=&#8221;default&#8221; background_color=&#8221;#ddde4c&#8221; background_enable_color=&#8221;on&#8221; global_colors_info=&#8221;{}&#8221; sticky_transition=&#8221;on&#8221;]<\/p>\n<p class=\"quote\">I attended the leadership talk\/panel discussion that DLA Piper hosted this week at the Gherkin \u2013 I thought it was a tremendous evening. Thank you!<\/p>\n<p class=\"attribution\"><cite> \u2014  Robert Walker, Senior Legal Advisor, Tullow Oil Plc<\/cite><\/p>\n<p>[\/et_pb_slide][et_pb_slide admin_title=&#8221;Jennifer&#8221; _builder_version=&#8221;4.22.2&#8243; _module_preset=&#8221;default&#8221; background_color=&#8221;#ddde4c&#8221; background_enable_color=&#8221;on&#8221; global_colors_info=&#8221;{}&#8221; sticky_transition=&#8221;on&#8221;]<\/p>\n<p class=\"quote\">Excellent guest speaker. It&#8217;s a privilege to hear such experienced and interesting discussion.<\/p>\n<p class=\"attribution\"><cite> \u2014 Jennifer Fegan, Legal Advisor, Skanska speaking about an alumni event she attended<\/cite><\/p>\n<p>[\/et_pb_slide][et_pb_slide admin_title=&#8221;Susannah&#8221; _builder_version=&#8221;4.22.2&#8243; _module_preset=&#8221;default&#8221; background_color=&#8221;#ddde4c&#8221; background_enable_color=&#8221;on&#8221; global_colors_info=&#8221;{}&#8221; sticky_transition=&#8221;on&#8221;]<\/p>\n<p class=\"quote\">Program is market leading, very good schedule of events and networking. Thank you.<\/p>\n<p class=\"attribution\"><cite> \u2014 Susannah Rose &#8211; Innes, Head of Legal, Commercial, RBS referring to WIN training which is also offered to alumni<\/cite><\/p>\n<p>[\/et_pb_slide][\/et_pb_slider][\/et_pb_column][\/et_pb_row][\/et_pb_section][et_pb_section fb_built=&#8221;1&#8243; admin_label=&#8221;Section &#8211; CTA&#8221; module_class=&#8221;iw-cta&#8221; _builder_version=&#8221;4.27.5&#8243; _module_preset=&#8221;default&#8221; background_color=&#8221;#fcbe04&#8243; global_colors_info=&#8221;{}&#8221;][et_pb_row _builder_version=&#8221;4.21.0&#8243; _module_preset=&#8221;default&#8221; global_colors_info=&#8221;{}&#8221;][et_pb_column type=&#8221;4_4&#8243; _builder_version=&#8221;4.21.0&#8243; _module_preset=&#8221;default&#8221; global_colors_info=&#8221;{}&#8221;][et_pb_code _builder_version=&#8221;4.27.6&#8243; _module_preset=&#8221;default&#8221; hover_enabled=&#8221;0&#8243; global_colors_info=&#8221;{}&#8221; sticky_enabled=&#8221;0&#8243;]<\/p>\n<div class=\"iw-flex\"><!-- [et_pb_line_break_holder] -->  <\/p>\n<div class=\"column\"><!-- [et_pb_line_break_holder] -->    <\/p>\n<h2><!-- [et_pb_line_break_holder] -->      Bist du bereits Mitglied?<!-- [et_pb_line_break_holder] -->    <\/h2>\n<p><!-- [et_pb_line_break_holder] -->    <a href=\"\/?url=login\" class=\"iw-cta-large\">Login<\/a><!-- [et_pb_line_break_holder] -->  <\/div>\n<p><!-- [et_pb_line_break_holder] -->  <\/p>\n<div class=\"column\"><!-- [et_pb_line_break_holder] -->    <\/p>\n<h2><!-- [et_pb_line_break_holder] -->      Noch kein Mitglied?<!-- [et_pb_line_break_holder] -->    <\/h2>\n<p><!-- [et_pb_line_break_holder] -->    <a href=\"\/registration\" class=\"iw-cta-large\">Jetzt registrieren<\/a><!-- [et_pb_line_break_holder] -->  <\/div>\n<p><!-- [et_pb_line_break_holder] --><\/div>\n<p>[\/et_pb_code][\/et_pb_column][\/et_pb_row][\/et_pb_section]<\/p>\n","protected":false},"excerpt":{"rendered":"<p>Nimm an Veranstaltungen und Networking-M\u00f6glichkeiten teil. Triff andere DLA Piper Talente und Freunde.Entdecke unsere Ressourcen. Erfahre mehr \u00fcber Talent Aktivit\u00e4ten und Vorteile.Finde berufliche M\u00f6glichkeiten. Sieh dir die Chancen an, die unseren Talenten zur Verf\u00fcgung stehen.Verbinde dich mit DLA Piper. Werde Teil unserer Community.Frank and engaging event. The panel was thoughtful and knowledgeable and I can [&hellip;]<\/p>\n","protected":false},"author":1,"featured_media":0,"parent":0,"menu_order":0,"comment_status":"closed","ping_status":"closed","template":"","meta":{"_et_pb_use_builder":"on","_et_pb_old_content":"","_et_gb_content_width":"","inline_featured_image":false,"footnotes":""},"class_list":["post-8","page","type-page","status-publish","hentry"],"yoast_head":"<!-- This site is optimized with the Yoast SEO plugin v27.4 - https:\/\/yoast.com\/product\/yoast-seo-wordpress\/ -->\n<title>DLA Piper Talentnetzwerk<\/title>\n<meta name=\"description\" content=\"Willkommen beim Be a talent-Netzwerk von DLA Piper.\" \/>\n<meta name=\"robots\" content=\"index, follow, max-snippet:-1, max-image-preview:large, max-video-preview:-1\" \/>\n<link rel=\"canonical\" href=\"https:\/\/beatalent.dlapipercareers.de\/login\/\" \/>\n<meta property=\"og:locale\" content=\"en_US\" \/>\n<meta property=\"og:type\" content=\"article\" \/>\n<meta property=\"og:title\" content=\"DLA Piper Talentnetzwerk\" \/>\n<meta property=\"og:description\" content=\"Willkommen beim Be a talent-Netzwerk von DLA Piper.\" \/>\n<meta property=\"og:url\" content=\"https:\/\/beatalent.dlapipercareers.de\/login\/\" \/>\n<meta property=\"og:site_name\" content=\"DLA Piper Talentnetzwerk\" \/>\n<meta property=\"article:modified_time\" content=\"2026-04-14T12:46:23+00:00\" \/>\n<meta property=\"og:image\" content=\"https:\/\/beatalent.dlapipercareers.de\/login\/wp-content\/uploads\/2023\/06\/lisbon-bridge-2.webp\" \/>\n\t<meta property=\"og:image:width\" content=\"1200\" \/>\n\t<meta property=\"og:image:height\" content=\"458\" \/>\n\t<meta property=\"og:image:type\" content=\"image\/webp\" \/>\n<meta name=\"twitter:card\" content=\"summary_large_image\" \/>\n<meta name=\"twitter:title\" content=\"DLA Piper Talentnetzwerk\" \/>\n<meta name=\"twitter:description\" content=\"Willkommen beim Be a talent-Netzwerk von DLA Piper.\" \/>\n<meta name=\"twitter:image\" content=\"https:\/\/beatalent.dlapipercareers.de\/login\/wp-content\/uploads\/2023\/06\/lisbon-bridge-2.webp\" \/>\n<meta name=\"twitter:label1\" content=\"Est. reading time\" \/>\n\t<meta name=\"twitter:data1\" content=\"2 minutes\" \/>\n<script type=\"application\/ld+json\" class=\"yoast-schema-graph\">{\"@context\":\"https:\\\/\\\/schema.org\",\"@graph\":[{\"@type\":\"WebPage\",\"@id\":\"https:\\\/\\\/beatalent.dlapipercareers.de\\\/login\\\/\",\"url\":\"https:\\\/\\\/beatalent.dlapipercareers.de\\\/login\\\/\",\"name\":\"DLA Piper Talentnetzwerk\",\"isPartOf\":{\"@id\":\"https:\\\/\\\/beatalent.dlapipercareers.de\\\/login\\\/#website\"},\"datePublished\":\"2019-10-23T12:34:21+00:00\",\"dateModified\":\"2026-04-14T12:46:23+00:00\",\"description\":\"Willkommen beim Be a talent-Netzwerk von DLA Piper.\",\"breadcrumb\":{\"@id\":\"https:\\\/\\\/beatalent.dlapipercareers.de\\\/login\\\/#breadcrumb\"},\"inLanguage\":\"en-US\",\"potentialAction\":[{\"@type\":\"ReadAction\",\"target\":[\"https:\\\/\\\/beatalent.dlapipercareers.de\\\/login\\\/\"]}]},{\"@type\":\"BreadcrumbList\",\"@id\":\"https:\\\/\\\/beatalent.dlapipercareers.de\\\/login\\\/#breadcrumb\",\"itemListElement\":[{\"@type\":\"ListItem\",\"position\":1,\"name\":\"Home\",\"item\":\"https:\\\/\\\/beatalent.dlapipercareers.de\\\/login\\\/\"},{\"@type\":\"ListItem\",\"position\":2,\"name\":\"Login\"}]},{\"@type\":\"WebSite\",\"@id\":\"https:\\\/\\\/beatalent.dlapipercareers.de\\\/login\\\/#website\",\"url\":\"https:\\\/\\\/beatalent.dlapipercareers.de\\\/login\\\/\",\"name\":\"DLA Piper Talentnetzwerk\",\"description\":\"DLA Piper Talentnetzwerk\",\"publisher\":{\"@id\":\"https:\\\/\\\/beatalent.dlapipercareers.de\\\/login\\\/#organization\"},\"alternateName\":\"DLA Piper Talentnetzwerk\",\"potentialAction\":[{\"@type\":\"SearchAction\",\"target\":{\"@type\":\"EntryPoint\",\"urlTemplate\":\"https:\\\/\\\/beatalent.dlapipercareers.de\\\/login\\\/?s={search_term_string}\"},\"query-input\":{\"@type\":\"PropertyValueSpecification\",\"valueRequired\":true,\"valueName\":\"search_term_string\"}}],\"inLanguage\":\"en-US\"},{\"@type\":\"Organization\",\"@id\":\"https:\\\/\\\/beatalent.dlapipercareers.de\\\/login\\\/#organization\",\"name\":\"DLA Piper\",\"url\":\"https:\\\/\\\/beatalent.dlapipercareers.de\\\/login\\\/\",\"logo\":{\"@type\":\"ImageObject\",\"inLanguage\":\"en-US\",\"@id\":\"https:\\\/\\\/beatalent.dlapipercareers.de\\\/login\\\/#\\\/schema\\\/logo\\\/image\\\/\",\"url\":\"https:\\\/\\\/beatalent.dlapipercareers.de\\\/login\\\/wp-content\\\/uploads\\\/2023\\\/06\\\/desktop-logo.svg\",\"contentUrl\":\"https:\\\/\\\/beatalent.dlapipercareers.de\\\/login\\\/wp-content\\\/uploads\\\/2023\\\/06\\\/desktop-logo.svg\",\"width\":\"1024\",\"height\":\"1024\",\"caption\":\"DLA Piper\"},\"image\":{\"@id\":\"https:\\\/\\\/beatalent.dlapipercareers.de\\\/login\\\/#\\\/schema\\\/logo\\\/image\\\/\"},\"sameAs\":[\"https:\\\/\\\/instagram.com\\\/dlapiper\",\"https:\\\/\\\/www.linkedin.com\\\/groups\\\/2241069\",\"https:\\\/\\\/www.youtube.com\\\/user\\\/DLAPipervideos\"]}]}<\/script>\n<!-- \/ Yoast SEO plugin. -->","yoast_head_json":{"title":"DLA Piper Talentnetzwerk","description":"Willkommen beim Be a talent-Netzwerk von DLA Piper.","robots":{"index":"index","follow":"follow","max-snippet":"max-snippet:-1","max-image-preview":"max-image-preview:large","max-video-preview":"max-video-preview:-1"},"canonical":"https:\/\/beatalent.dlapipercareers.de\/login\/","og_locale":"en_US","og_type":"article","og_title":"DLA Piper Talentnetzwerk","og_description":"Willkommen beim Be a talent-Netzwerk von DLA Piper.","og_url":"https:\/\/beatalent.dlapipercareers.de\/login\/","og_site_name":"DLA Piper Talentnetzwerk","article_modified_time":"2026-04-14T12:46:23+00:00","og_image":[{"width":1200,"height":458,"url":"https:\/\/beatalent.dlapipercareers.de\/login\/wp-content\/uploads\/2023\/06\/lisbon-bridge-2.webp","type":"image\/webp"}],"twitter_card":"summary_large_image","twitter_title":"DLA Piper Talentnetzwerk","twitter_description":"Willkommen beim Be a talent-Netzwerk von DLA Piper.","twitter_image":"https:\/\/beatalent.dlapipercareers.de\/login\/wp-content\/uploads\/2023\/06\/lisbon-bridge-2.webp","twitter_misc":{"Est. reading time":"2 minutes"},"schema":{"@context":"https:\/\/schema.org","@graph":[{"@type":"WebPage","@id":"https:\/\/beatalent.dlapipercareers.de\/login\/","url":"https:\/\/beatalent.dlapipercareers.de\/login\/","name":"DLA Piper Talentnetzwerk","isPartOf":{"@id":"https:\/\/beatalent.dlapipercareers.de\/login\/#website"},"datePublished":"2019-10-23T12:34:21+00:00","dateModified":"2026-04-14T12:46:23+00:00","description":"Willkommen beim Be a talent-Netzwerk von DLA Piper.","breadcrumb":{"@id":"https:\/\/beatalent.dlapipercareers.de\/login\/#breadcrumb"},"inLanguage":"en-US","potentialAction":[{"@type":"ReadAction","target":["https:\/\/beatalent.dlapipercareers.de\/login\/"]}]},{"@type":"BreadcrumbList","@id":"https:\/\/beatalent.dlapipercareers.de\/login\/#breadcrumb","itemListElement":[{"@type":"ListItem","position":1,"name":"Home","item":"https:\/\/beatalent.dlapipercareers.de\/login\/"},{"@type":"ListItem","position":2,"name":"Login"}]},{"@type":"WebSite","@id":"https:\/\/beatalent.dlapipercareers.de\/login\/#website","url":"https:\/\/beatalent.dlapipercareers.de\/login\/","name":"DLA Piper Talentnetzwerk","description":"DLA Piper Talentnetzwerk","publisher":{"@id":"https:\/\/beatalent.dlapipercareers.de\/login\/#organization"},"alternateName":"DLA Piper Talentnetzwerk","potentialAction":[{"@type":"SearchAction","target":{"@type":"EntryPoint","urlTemplate":"https:\/\/beatalent.dlapipercareers.de\/login\/?s={search_term_string}"},"query-input":{"@type":"PropertyValueSpecification","valueRequired":true,"valueName":"search_term_string"}}],"inLanguage":"en-US"},{"@type":"Organization","@id":"https:\/\/beatalent.dlapipercareers.de\/login\/#organization","name":"DLA Piper","url":"https:\/\/beatalent.dlapipercareers.de\/login\/","logo":{"@type":"ImageObject","inLanguage":"en-US","@id":"https:\/\/beatalent.dlapipercareers.de\/login\/#\/schema\/logo\/image\/","url":"https:\/\/beatalent.dlapipercareers.de\/login\/wp-content\/uploads\/2023\/06\/desktop-logo.svg","contentUrl":"https:\/\/beatalent.dlapipercareers.de\/login\/wp-content\/uploads\/2023\/06\/desktop-logo.svg","width":"1024","height":"1024","caption":"DLA Piper"},"image":{"@id":"https:\/\/beatalent.dlapipercareers.de\/login\/#\/schema\/logo\/image\/"},"sameAs":["https:\/\/instagram.com\/dlapiper","https:\/\/www.linkedin.com\/groups\/2241069","https:\/\/www.youtube.com\/user\/DLAPipervideos"]}]}},"_links":{"self":[{"href":"https:\/\/beatalent.dlapipercareers.de\/login\/wp-json\/wp\/v2\/pages\/8","targetHints":{"allow":["GET"]}}],"collection":[{"href":"https:\/\/beatalent.dlapipercareers.de\/login\/wp-json\/wp\/v2\/pages"}],"about":[{"href":"https:\/\/beatalent.dlapipercareers.de\/login\/wp-json\/wp\/v2\/types\/page"}],"author":[{"embeddable":true,"href":"https:\/\/beatalent.dlapipercareers.de\/login\/wp-json\/wp\/v2\/users\/1"}],"replies":[{"embeddable":true,"href":"https:\/\/beatalent.dlapipercareers.de\/login\/wp-json\/wp\/v2\/comments?post=8"}],"version-history":[{"count":268,"href":"https:\/\/beatalent.dlapipercareers.de\/login\/wp-json\/wp\/v2\/pages\/8\/revisions"}],"predecessor-version":[{"id":2177,"href":"https:\/\/beatalent.dlapipercareers.de\/login\/wp-json\/wp\/v2\/pages\/8\/revisions\/2177"}],"wp:attachment":[{"href":"https:\/\/beatalent.dlapipercareers.de\/login\/wp-json\/wp\/v2\/media?parent=8"}],"curies":[{"name":"wp","href":"https:\/\/api.w.org\/{rel}","templated":true}]}}